{"id":7719,"date":"2023-09-13T11:25:36","date_gmt":"2023-09-13T09:25:36","guid":{"rendered":"https:\/\/ukbonn.sirberberitz.de\/meet-our-people\/"},"modified":"2024-02-27T11:52:37","modified_gmt":"2024-02-27T10:52:37","slug":"meet-our-people","status":"publish","type":"page","link":"https:\/\/karriereamukb.de\/en\/","title":{"rendered":"Meet our people"},"content":{"rendered":"","protected":false},"excerpt":{"rendered":"","protected":false},"author":19,"featured_media":0,"parent":0,"menu_order":0,"comment_status":"closed","ping_status":"closed","template":"","meta":{"_acf_changed":false,"_jet_sm_ready_style":"","_jet_sm_style":"","_jet_sm_controls_values":"","_jet_sm_fonts_collection":"","_jet_sm_fonts_links":"","footnotes":""},"class_list":["post-7719","page","type-page","status-publish","hentry"],"blocksy_meta":[],"acf":[],"yoast_head":"<!-- This site is optimized with the Yoast SEO plugin v27.2 - https:\/\/yoast.com\/product\/yoast-seo-wordpress\/ -->\n<title>Meet our people - Jobs &amp; Karriere an der Uniklinik Bonn<\/title>\n<meta name=\"robots\" content=\"index, follow, max-snippet:-1, max-image-preview:large, max-video-preview:-1\" \/>\n<link rel=\"canonical\" href=\"https:\/\/karriereamukb.de\/en\/meet-our-people\/\" \/>\n<meta property=\"og:locale\" content=\"en_US\" \/>\n<meta property=\"og:type\" content=\"article\" \/>\n<meta property=\"og:title\" content=\"Meet our people - Jobs &amp; Karriere an der Uniklinik Bonn\" \/>\n<meta property=\"og:url\" content=\"https:\/\/karriereamukb.de\/en\/meet-our-people\/\" \/>\n<meta property=\"og:site_name\" content=\"Jobs &amp; Karriere an der Uniklinik Bonn\" \/>\n<meta property=\"article:publisher\" content=\"https:\/\/www.facebook.com\/ukbonn\/\" \/>\n<meta property=\"article:modified_time\" content=\"2024-02-27T10:52:37+00:00\" \/>\n<meta name=\"twitter:card\" content=\"summary_large_image\" \/>\n<meta name=\"twitter:site\" content=\"@UniklinikBonn\" \/>\n<script type=\"application\/ld+json\" class=\"yoast-schema-graph\">{\"@context\":\"https:\/\/schema.org\",\"@graph\":[{\"@type\":\"WebPage\",\"@id\":\"https:\/\/karriereamukb.de\/en\/meet-our-people\/\",\"url\":\"https:\/\/karriereamukb.de\/en\/meet-our-people\/\",\"name\":\"Meet our people - Jobs &amp; Karriere an der Uniklinik Bonn\",\"isPartOf\":{\"@id\":\"https:\/\/karriereamukb.de\/#website\"},\"datePublished\":\"2023-09-13T09:25:36+00:00\",\"dateModified\":\"2024-02-27T10:52:37+00:00\",\"breadcrumb\":{\"@id\":\"https:\/\/karriereamukb.de\/en\/meet-our-people\/#breadcrumb\"},\"inLanguage\":\"en-US\",\"potentialAction\":[{\"@type\":\"ReadAction\",\"target\":[\"https:\/\/karriereamukb.de\/en\/meet-our-people\/\"]}]},{\"@type\":\"BreadcrumbList\",\"@id\":\"https:\/\/karriereamukb.de\/en\/meet-our-people\/#breadcrumb\",\"itemListElement\":[{\"@type\":\"ListItem\",\"position\":1,\"name\":\"Startseite\",\"item\":\"https:\/\/karriereamukb.de\/en\/meet-our-people\/\"},{\"@type\":\"ListItem\",\"position\":2,\"name\":\"Meet our people\"}]},{\"@type\":\"WebSite\",\"@id\":\"https:\/\/karriereamukb.de\/#website\",\"url\":\"https:\/\/karriereamukb.de\/\",\"name\":\"Karriereamukb | Jobs & Karriere an der Uniklinik Bonn\",\"description\":\"Informieren Sie sich \u00fcber Ihre Einstiegsm\u00f6glichkeiten am Universit\u00e4tsklinikum Bonn und bewerben Sie sich jetzt.\",\"publisher\":{\"@id\":\"https:\/\/karriereamukb.de\/#organization\"},\"potentialAction\":[{\"@type\":\"SearchAction\",\"target\":{\"@type\":\"EntryPoint\",\"urlTemplate\":\"https:\/\/karriereamukb.de\/?s={search_term_string}\"},\"query-input\":{\"@type\":\"PropertyValueSpecification\",\"valueRequired\":true,\"valueName\":\"search_term_string\"}}],\"inLanguage\":\"en-US\"},{\"@type\":\"Organization\",\"@id\":\"https:\/\/karriereamukb.de\/#organization\",\"name\":\"Karriereamukb | Jobs & Karriere an der Uniklinik Bonn\",\"url\":\"https:\/\/karriereamukb.de\/\",\"logo\":{\"@type\":\"ImageObject\",\"inLanguage\":\"en-US\",\"@id\":\"https:\/\/karriereamukb.de\/#\/schema\/logo\/image\/\",\"url\":\"https:\/\/karriereamukb.de\/wp-content\/uploads\/2024\/03\/android-chrome-512x512-1.png\",\"contentUrl\":\"https:\/\/karriereamukb.de\/wp-content\/uploads\/2024\/03\/android-chrome-512x512-1.png\",\"width\":512,\"height\":512,\"caption\":\"Karriereamukb | Jobs & Karriere an der Uniklinik Bonn\"},\"image\":{\"@id\":\"https:\/\/karriereamukb.de\/#\/schema\/logo\/image\/\"},\"sameAs\":[\"https:\/\/www.facebook.com\/ukbonn\/\",\"https:\/\/x.com\/UniklinikBonn\",\"https:\/\/www.instagram.com\/ukbonn\/\"]}]}<\/script>\n<!-- \/ Yoast SEO plugin. -->","yoast_head_json":{"title":"Meet our people - Jobs &amp; Karriere an der Uniklinik Bonn","robots":{"index":"index","follow":"follow","max-snippet":"max-snippet:-1","max-image-preview":"max-image-preview:large","max-video-preview":"max-video-preview:-1"},"canonical":"https:\/\/karriereamukb.de\/en\/meet-our-people\/","og_locale":"en_US","og_type":"article","og_title":"Meet our people - Jobs &amp; Karriere an der Uniklinik Bonn","og_url":"https:\/\/karriereamukb.de\/en\/meet-our-people\/","og_site_name":"Jobs &amp; Karriere an der Uniklinik Bonn","article_publisher":"https:\/\/www.facebook.com\/ukbonn\/","article_modified_time":"2024-02-27T10:52:37+00:00","twitter_card":"summary_large_image","twitter_site":"@UniklinikBonn","schema":{"@context":"https:\/\/schema.org","@graph":[{"@type":"WebPage","@id":"https:\/\/karriereamukb.de\/en\/meet-our-people\/","url":"https:\/\/karriereamukb.de\/en\/meet-our-people\/","name":"Meet our people - Jobs &amp; Karriere an der Uniklinik Bonn","isPartOf":{"@id":"https:\/\/karriereamukb.de\/#website"},"datePublished":"2023-09-13T09:25:36+00:00","dateModified":"2024-02-27T10:52:37+00:00","breadcrumb":{"@id":"https:\/\/karriereamukb.de\/en\/meet-our-people\/#breadcrumb"},"inLanguage":"en-US","potentialAction":[{"@type":"ReadAction","target":["https:\/\/karriereamukb.de\/en\/meet-our-people\/"]}]},{"@type":"BreadcrumbList","@id":"https:\/\/karriereamukb.de\/en\/meet-our-people\/#breadcrumb","itemListElement":[{"@type":"ListItem","position":1,"name":"Startseite","item":"https:\/\/karriereamukb.de\/en\/meet-our-people\/"},{"@type":"ListItem","position":2,"name":"Meet our people"}]},{"@type":"WebSite","@id":"https:\/\/karriereamukb.de\/#website","url":"https:\/\/karriereamukb.de\/","name":"Karriereamukb | Jobs & Karriere an der Uniklinik Bonn","description":"Informieren Sie sich \u00fcber Ihre Einstiegsm\u00f6glichkeiten am Universit\u00e4tsklinikum Bonn und bewerben Sie sich jetzt.","publisher":{"@id":"https:\/\/karriereamukb.de\/#organization"},"potentialAction":[{"@type":"SearchAction","target":{"@type":"EntryPoint","urlTemplate":"https:\/\/karriereamukb.de\/?s={search_term_string}"},"query-input":{"@type":"PropertyValueSpecification","valueRequired":true,"valueName":"search_term_string"}}],"inLanguage":"en-US"},{"@type":"Organization","@id":"https:\/\/karriereamukb.de\/#organization","name":"Karriereamukb | Jobs & Karriere an der Uniklinik Bonn","url":"https:\/\/karriereamukb.de\/","logo":{"@type":"ImageObject","inLanguage":"en-US","@id":"https:\/\/karriereamukb.de\/#\/schema\/logo\/image\/","url":"https:\/\/karriereamukb.de\/wp-content\/uploads\/2024\/03\/android-chrome-512x512-1.png","contentUrl":"https:\/\/karriereamukb.de\/wp-content\/uploads\/2024\/03\/android-chrome-512x512-1.png","width":512,"height":512,"caption":"Karriereamukb | Jobs & Karriere an der Uniklinik Bonn"},"image":{"@id":"https:\/\/karriereamukb.de\/#\/schema\/logo\/image\/"},"sameAs":["https:\/\/www.facebook.com\/ukbonn\/","https:\/\/x.com\/UniklinikBonn","https:\/\/www.instagram.com\/ukbonn\/"]}]}},"_links":{"self":[{"href":"https:\/\/karriereamukb.de\/en\/wp-json\/wp\/v2\/pages\/7719","targetHints":{"allow":["GET"]}}],"collection":[{"href":"https:\/\/karriereamukb.de\/en\/wp-json\/wp\/v2\/pages"}],"about":[{"href":"https:\/\/karriereamukb.de\/en\/wp-json\/wp\/v2\/types\/page"}],"author":[{"embeddable":true,"href":"https:\/\/karriereamukb.de\/en\/wp-json\/wp\/v2\/users\/19"}],"replies":[{"embeddable":true,"href":"https:\/\/karriereamukb.de\/en\/wp-json\/wp\/v2\/comments?post=7719"}],"version-history":[{"count":1,"href":"https:\/\/karriereamukb.de\/en\/wp-json\/wp\/v2\/pages\/7719\/revisions"}],"predecessor-version":[{"id":7721,"href":"https:\/\/karriereamukb.de\/en\/wp-json\/wp\/v2\/pages\/7719\/revisions\/7721"}],"wp:attachment":[{"href":"https:\/\/karriereamukb.de\/en\/wp-json\/wp\/v2\/media?parent=7719"}],"curies":[{"name":"wp","href":"https:\/\/api.w.org\/{rel}","templated":true}]}}