{"id":8533,"date":"2023-12-04T00:07:11","date_gmt":"2023-12-03T23:07:11","guid":{"rendered":"https:\/\/ukbonn.sirberberitz.de\/login-ukb\/"},"modified":"2024-03-01T22:22:27","modified_gmt":"2024-03-01T21:22:27","slug":"login-ukb","status":"publish","type":"page","link":"https:\/\/karriereamukb.de\/es\/login-ukb\/","title":{"rendered":"Login UKB"},"content":{"rendered":"\t\t<div data-elementor-type=\"wp-page\" data-elementor-id=\"8533\" class=\"elementor elementor-8533 elementor-5739\" data-elementor-post-type=\"page\">\n\t\t\t\t<div class=\"elementor-element elementor-element-714c6a0 e-flex e-con-boxed e-con e-parent\" data-id=\"714c6a0\" data-element_type=\"container\" data-e-type=\"container\" data-settings=\"{&quot;_ob_use_container_extras&quot;:&quot;no&quot;,&quot;_ob_column_hoveranimator&quot;:&quot;no&quot;,&quot;_ob_glider_is_slider&quot;:&quot;no&quot;,&quot;_ob_column_has_pseudo&quot;:&quot;no&quot;}\">\n\t\t\t\t\t<div class=\"e-con-inner\">\n\t\t<div class=\"elementor-element elementor-element-d969673 e-con-full e-flex e-con e-child\" data-id=\"d969673\" data-element_type=\"container\" data-e-type=\"container\" data-settings=\"{&quot;_ob_use_container_extras&quot;:&quot;no&quot;,&quot;_ob_column_hoveranimator&quot;:&quot;no&quot;,&quot;_ob_glider_is_slider&quot;:&quot;no&quot;,&quot;_ob_column_has_pseudo&quot;:&quot;no&quot;}\">\n\t\t\t\t<div class=\"elementor-element elementor-element-9e6d49d ob-has-background-overlay elementor-widget elementor-widget-spacer\" data-id=\"9e6d49d\" data-element_type=\"widget\" data-e-type=\"widget\" data-settings=\"{&quot;_ob_spacerat_use&quot;:&quot;no&quot;,&quot;_ob_widget_stalker_use&quot;:&quot;no&quot;,&quot;_ob_poopart_use&quot;:&quot;yes&quot;,&quot;_ob_shadough_use&quot;:&quot;no&quot;,&quot;_ob_allow_hoveranimator&quot;:&quot;no&quot;}\" data-widget_type=\"spacer.default\">\n\t\t\t\t<div class=\"elementor-widget-container\">\n\t\t\t\t\t\t\t<div class=\"elementor-spacer\">\n\t\t\t<div class=\"elementor-spacer-inner\"><\/div>\n\t\t<\/div>\n\t\t\t\t\t\t<\/div>\n\t\t\t\t<\/div>\n\t\t\t\t<div class=\"elementor-element elementor-element-ed81394 ob-has-background-overlay elementor-widget elementor-widget-image\" data-id=\"ed81394\" data-element_type=\"widget\" data-e-type=\"widget\" data-settings=\"{&quot;_ob_photomorph_use&quot;:&quot;no&quot;,&quot;_ob_widget_stalker_use&quot;:&quot;no&quot;,&quot;_ob_poopart_use&quot;:&quot;yes&quot;,&quot;_ob_shadough_use&quot;:&quot;no&quot;,&quot;_ob_allow_hoveranimator&quot;:&quot;no&quot;}\" data-widget_type=\"image.default\">\n\t\t\t\t<div class=\"elementor-widget-container\">\n\t\t\t\t\t\t\t\t\t\t\t\t\t\t\t<img fetchpriority=\"high\" decoding=\"async\" width=\"757\" height=\"168\" src=\"https:\/\/karriereamukb.de\/wp-content\/uploads\/2023\/09\/logo-neu-2017.svg\" class=\"attachment-medium_large size-medium_large wp-image-7294\" alt=\"\" \/>\t\t\t\t\t\t\t\t\t\t\t\t\t\t\t<\/div>\n\t\t\t\t<\/div>\n\t\t\t\t<div class=\"elementor-element elementor-element-009ff39 ob-has-background-overlay elementor-widget elementor-widget-spacer\" data-id=\"009ff39\" data-element_type=\"widget\" data-e-type=\"widget\" data-settings=\"{&quot;_ob_spacerat_use&quot;:&quot;no&quot;,&quot;_ob_widget_stalker_use&quot;:&quot;no&quot;,&quot;_ob_poopart_use&quot;:&quot;yes&quot;,&quot;_ob_shadough_use&quot;:&quot;no&quot;,&quot;_ob_allow_hoveranimator&quot;:&quot;no&quot;}\" data-widget_type=\"spacer.default\">\n\t\t\t\t<div class=\"elementor-widget-container\">\n\t\t\t\t\t\t\t<div class=\"elementor-spacer\">\n\t\t\t<div class=\"elementor-spacer-inner\"><\/div>\n\t\t<\/div>\n\t\t\t\t\t\t<\/div>\n\t\t\t\t<\/div>\n\t\t<div class=\"elementor-element elementor-element-4235d03 e-con-full e-flex e-con e-child\" data-id=\"4235d03\" data-element_type=\"container\" data-e-type=\"container\" data-settings=\"{&quot;_ob_use_container_extras&quot;:&quot;no&quot;,&quot;_ob_column_hoveranimator&quot;:&quot;no&quot;,&quot;_ob_glider_is_slider&quot;:&quot;no&quot;,&quot;_ob_column_has_pseudo&quot;:&quot;no&quot;}\">\n\t\t\t\t<div class=\"elementor-element elementor-element-17b5d5d elementor-widget__width-inherit ob-has-background-overlay elementor-widget elementor-widget-jet-login\" data-id=\"17b5d5d\" data-element_type=\"widget\" data-e-type=\"widget\" data-settings=\"{&quot;_ob_widget_stalker_use&quot;:&quot;no&quot;,&quot;_ob_poopart_use&quot;:&quot;yes&quot;,&quot;_ob_shadough_use&quot;:&quot;no&quot;,&quot;_ob_allow_hoveranimator&quot;:&quot;no&quot;}\" data-widget_type=\"jet-login.default\">\n\t\t\t\t<div class=\"elementor-widget-container\">\n\t\t\t\t\t<div class=\"elementor-jet-login jet-blocks\"><div class=\"jet-login\"><form name=\"loginform\" id=\"loginform\"  method=\"post\"><p class=\"login-username\">\n\t\t\t\t<label for=\"user_login\">Benutzername<\/label>\n\t\t\t\t<input type=\"text\" name=\"log\" id=\"user_login\" placeholder=\"\" autocomplete=\"username\" class=\"input\" value=\"\" size=\"20\" \/>\n\t\t\t<\/p><p class=\"login-password\">\n\t\t\t\t<label for=\"user_pass\">Passwort<\/label>\n\t\t\t\t<p class=\"login-password__wrapper\"><input type=\"password\" name=\"pwd\" id=\"user_pass\" placeholder=\"\" autocomplete=\"current-password\" spellcheck=\"false\" class=\"input\" value=\"\" size=\"20\" \/>\n\t\t\t<svg xmlns=\"http:\/\/www.w3.org\/2000\/svg\" aria-hidden=\"true\" class=\"e-font-icon-svg e-far-eye password-visibility__icon password-visibility__icon--show show\" viewBox=\"0 0 576 512\">\n\t\t\t\t<path d=\"M288 144a110.94 110.94 0 0 0-31.24 5 55.4 55.4 0 0 1 7.24 27 56 56 0 0 1-56 56 55.4 55.4 0 0 1-27-7.24A111.71 111.71 0 1 0 288 144zm284.52 97.4C518.29 135.59 410.93 64 288 64S57.68 135.64 3.48 241.41a32.35 32.35 0 0 0 0 29.19C57.71 376.41 165.07 448 288 448s230.32-71.64 284.52-177.41a32.35 32.35 0 0 0 0-29.19zM288 400c-98.65 0-189.09-55-237.93-144C98.91 167 189.34 112 288 112s189.09 55 237.93 144C477.1 345 386.66 400 288 400z\"><\/path>\n\t\t\t<\/svg>\n\t\t\t<svg xmlns=\"http:\/\/www.w3.org\/2000\/svg\" aria-hidden=\"true\" class=\"e-font-icon-svg e-far-eye-slash password-visibility__icon password-visibility__icon--hide\" viewBox=\"0 0 640 512\">\n\t\t\t\t<path d=\"M634 471L36 3.51A16 16 0 0 0 13.51 6l-10 12.49A16 16 0 0 0 6 41l598 467.49a16 16 0 0 0 22.49-2.49l10-12.49A16 16 0 0 0 634 471zM296.79 146.47l134.79 105.38C429.36 191.91 380.48 144 320 144a112.26 112.26 0 0 0-23.21 2.47zm46.42 219.07L208.42 260.16C210.65 320.09 259.53 368 320 368a113 113 0 0 0 23.21-2.46zM320 112c98.65 0 189.09 55 237.93 144a285.53 285.53 0 0 1-44 60.2l37.74 29.5a333.7 333.7 0 0 0 52.9-75.11 32.35 32.35 0 0 0 0-29.19C550.29 135.59 442.93 64 320 64c-36.7 0-71.71 7-104.63 18.81l46.41 36.29c18.94-4.3 38.34-7.1 58.22-7.1zm0 288c-98.65 0-189.08-55-237.93-144a285.47 285.47 0 0 1 44.05-60.19l-37.74-29.5a333.6 333.6 0 0 0-52.89 75.1 32.35 32.35 0 0 0 0 29.19C89.72 376.41 197.08 448 320 448c36.7 0 71.71-7.05 104.63-18.81l-46.41-36.28C359.28 397.2 339.89 400 320 400z\"><\/path>\n\t\t\t<\/svg><\/p>\n\t\t\t<\/p><p class=\"login-remember\"><label><input name=\"rememberme\" type=\"checkbox\" id=\"rememberme\" value=\"forever\" \/> Eingeloggt bleiben<\/label><\/p><p class=\"login-submit\">\n\t\t\t\t<input type=\"submit\" name=\"wp-submit\" id=\"wp-submit\" class=\"button button-primary\" value=\"Einloggen\" \/>\n\t\t\t\t<input type=\"hidden\" name=\"redirect_to\" value=\"https:\/\/karriereamukb.de\/es\/\" \/>\n\t\t\t<\/p><input type=\"hidden\" name=\"jet_login\" value=\"1\"><\/form>\n<a href=\"https:\/\/karriereamukb.de\/wp-login.php?action=lostpassword\" class=\"jet-login-lost-password-link\">Passwort vergessen?<\/a>\n<\/div><\/div>\t\t\t\t<\/div>\n\t\t\t\t<\/div>\n\t\t\t\t<\/div>\n\t\t\t\t<\/div>\n\t\t\t\t\t<\/div>\n\t\t\t\t<\/div>\n\t\t\t\t<\/div>\n\t\t","protected":false},"excerpt":{"rendered":"<p>Benutzername Passwort Eingeloggt bleiben Passwort vergessen?<\/p>\n","protected":false},"author":19,"featured_media":0,"parent":0,"menu_order":0,"comment_status":"closed","ping_status":"closed","template":"elementor_canvas","meta":{"_acf_changed":false,"_jet_sm_ready_style":"","_jet_sm_style":"","_jet_sm_controls_values":"","_jet_sm_fonts_collection":"","_jet_sm_fonts_links":"","footnotes":""},"class_list":["post-8533","page","type-page","status-publish","hentry"],"blocksy_meta":[],"acf":[],"yoast_head":"<!-- This site is optimized with the Yoast SEO plugin v27.2 - https:\/\/yoast.com\/product\/yoast-seo-wordpress\/ -->\n<title>Login UKB - Jobs &amp; Karriere an der Uniklinik Bonn<\/title>\n<meta name=\"robots\" content=\"index, follow, max-snippet:-1, max-image-preview:large, max-video-preview:-1\" \/>\n<link rel=\"canonical\" href=\"https:\/\/karriereamukb.de\/es\/login-ukb\/\" \/>\n<meta property=\"og:locale\" content=\"es_ES\" \/>\n<meta property=\"og:type\" content=\"article\" \/>\n<meta property=\"og:title\" content=\"Login UKB - Jobs &amp; Karriere an der Uniklinik Bonn\" \/>\n<meta property=\"og:description\" content=\"Benutzername Passwort Eingeloggt bleiben Passwort vergessen?\" \/>\n<meta property=\"og:url\" content=\"https:\/\/karriereamukb.de\/es\/login-ukb\/\" \/>\n<meta property=\"og:site_name\" content=\"Jobs &amp; Karriere an der Uniklinik Bonn\" \/>\n<meta property=\"article:publisher\" content=\"https:\/\/www.facebook.com\/ukbonn\/\" \/>\n<meta property=\"article:modified_time\" content=\"2024-03-01T21:22:27+00:00\" \/>\n<meta property=\"og:image\" content=\"https:\/\/karriereamukb.de\/wp-content\/uploads\/2023\/09\/logo-neu-2017.svg\" \/>\n<meta name=\"twitter:card\" content=\"summary_large_image\" \/>\n<meta name=\"twitter:site\" content=\"@UniklinikBonn\" \/>\n<script type=\"application\/ld+json\" class=\"yoast-schema-graph\">{\"@context\":\"https:\/\/schema.org\",\"@graph\":[{\"@type\":\"WebPage\",\"@id\":\"https:\/\/karriereamukb.de\/es\/login-ukb\/\",\"url\":\"https:\/\/karriereamukb.de\/es\/login-ukb\/\",\"name\":\"Login UKB - Jobs &amp; Karriere an der Uniklinik Bonn\",\"isPartOf\":{\"@id\":\"https:\/\/karriereamukb.de\/#website\"},\"primaryImageOfPage\":{\"@id\":\"https:\/\/karriereamukb.de\/es\/login-ukb\/#primaryimage\"},\"image\":{\"@id\":\"https:\/\/karriereamukb.de\/es\/login-ukb\/#primaryimage\"},\"thumbnailUrl\":\"https:\/\/karriereamukb.de\/wp-content\/uploads\/2023\/09\/logo-neu-2017.svg\",\"datePublished\":\"2023-12-03T23:07:11+00:00\",\"dateModified\":\"2024-03-01T21:22:27+00:00\",\"breadcrumb\":{\"@id\":\"https:\/\/karriereamukb.de\/es\/login-ukb\/#breadcrumb\"},\"inLanguage\":\"es\",\"potentialAction\":[{\"@type\":\"ReadAction\",\"target\":[\"https:\/\/karriereamukb.de\/es\/login-ukb\/\"]}]},{\"@type\":\"ImageObject\",\"inLanguage\":\"es\",\"@id\":\"https:\/\/karriereamukb.de\/es\/login-ukb\/#primaryimage\",\"url\":\"https:\/\/karriereamukb.de\/wp-content\/uploads\/2023\/09\/logo-neu-2017.svg\",\"contentUrl\":\"https:\/\/karriereamukb.de\/wp-content\/uploads\/2023\/09\/logo-neu-2017.svg\"},{\"@type\":\"BreadcrumbList\",\"@id\":\"https:\/\/karriereamukb.de\/es\/login-ukb\/#breadcrumb\",\"itemListElement\":[{\"@type\":\"ListItem\",\"position\":1,\"name\":\"Startseite\",\"item\":\"https:\/\/karriereamukb.de\/es\/conoce-a-nuestra-gente\/\"},{\"@type\":\"ListItem\",\"position\":2,\"name\":\"Login UKB\"}]},{\"@type\":\"WebSite\",\"@id\":\"https:\/\/karriereamukb.de\/#website\",\"url\":\"https:\/\/karriereamukb.de\/\",\"name\":\"Karriereamukb | Jobs & Karriere an der Uniklinik Bonn\",\"description\":\"Informieren Sie sich \u00fcber Ihre Einstiegsm\u00f6glichkeiten am Universit\u00e4tsklinikum Bonn und bewerben Sie sich jetzt.\",\"publisher\":{\"@id\":\"https:\/\/karriereamukb.de\/#organization\"},\"potentialAction\":[{\"@type\":\"SearchAction\",\"target\":{\"@type\":\"EntryPoint\",\"urlTemplate\":\"https:\/\/karriereamukb.de\/?s={search_term_string}\"},\"query-input\":{\"@type\":\"PropertyValueSpecification\",\"valueRequired\":true,\"valueName\":\"search_term_string\"}}],\"inLanguage\":\"es\"},{\"@type\":\"Organization\",\"@id\":\"https:\/\/karriereamukb.de\/#organization\",\"name\":\"Karriereamukb | Jobs & Karriere an der Uniklinik Bonn\",\"url\":\"https:\/\/karriereamukb.de\/\",\"logo\":{\"@type\":\"ImageObject\",\"inLanguage\":\"es\",\"@id\":\"https:\/\/karriereamukb.de\/#\/schema\/logo\/image\/\",\"url\":\"https:\/\/karriereamukb.de\/wp-content\/uploads\/2024\/03\/android-chrome-512x512-1.png\",\"contentUrl\":\"https:\/\/karriereamukb.de\/wp-content\/uploads\/2024\/03\/android-chrome-512x512-1.png\",\"width\":512,\"height\":512,\"caption\":\"Karriereamukb | Jobs & Karriere an der Uniklinik Bonn\"},\"image\":{\"@id\":\"https:\/\/karriereamukb.de\/#\/schema\/logo\/image\/\"},\"sameAs\":[\"https:\/\/www.facebook.com\/ukbonn\/\",\"https:\/\/x.com\/UniklinikBonn\",\"https:\/\/www.instagram.com\/ukbonn\/\"]}]}<\/script>\n<!-- \/ Yoast SEO plugin. -->","yoast_head_json":{"title":"Login UKB - Jobs &amp; Karriere an der Uniklinik Bonn","robots":{"index":"index","follow":"follow","max-snippet":"max-snippet:-1","max-image-preview":"max-image-preview:large","max-video-preview":"max-video-preview:-1"},"canonical":"https:\/\/karriereamukb.de\/es\/login-ukb\/","og_locale":"es_ES","og_type":"article","og_title":"Login UKB - Jobs &amp; Karriere an der Uniklinik Bonn","og_description":"Benutzername Passwort Eingeloggt bleiben Passwort vergessen?","og_url":"https:\/\/karriereamukb.de\/es\/login-ukb\/","og_site_name":"Jobs &amp; Karriere an der Uniklinik Bonn","article_publisher":"https:\/\/www.facebook.com\/ukbonn\/","article_modified_time":"2024-03-01T21:22:27+00:00","og_image":[{"url":"https:\/\/karriereamukb.de\/wp-content\/uploads\/2023\/09\/logo-neu-2017.svg","type":"","width":"","height":""}],"twitter_card":"summary_large_image","twitter_site":"@UniklinikBonn","schema":{"@context":"https:\/\/schema.org","@graph":[{"@type":"WebPage","@id":"https:\/\/karriereamukb.de\/es\/login-ukb\/","url":"https:\/\/karriereamukb.de\/es\/login-ukb\/","name":"Login UKB - Jobs &amp; Karriere an der Uniklinik Bonn","isPartOf":{"@id":"https:\/\/karriereamukb.de\/#website"},"primaryImageOfPage":{"@id":"https:\/\/karriereamukb.de\/es\/login-ukb\/#primaryimage"},"image":{"@id":"https:\/\/karriereamukb.de\/es\/login-ukb\/#primaryimage"},"thumbnailUrl":"https:\/\/karriereamukb.de\/wp-content\/uploads\/2023\/09\/logo-neu-2017.svg","datePublished":"2023-12-03T23:07:11+00:00","dateModified":"2024-03-01T21:22:27+00:00","breadcrumb":{"@id":"https:\/\/karriereamukb.de\/es\/login-ukb\/#breadcrumb"},"inLanguage":"es","potentialAction":[{"@type":"ReadAction","target":["https:\/\/karriereamukb.de\/es\/login-ukb\/"]}]},{"@type":"ImageObject","inLanguage":"es","@id":"https:\/\/karriereamukb.de\/es\/login-ukb\/#primaryimage","url":"https:\/\/karriereamukb.de\/wp-content\/uploads\/2023\/09\/logo-neu-2017.svg","contentUrl":"https:\/\/karriereamukb.de\/wp-content\/uploads\/2023\/09\/logo-neu-2017.svg"},{"@type":"BreadcrumbList","@id":"https:\/\/karriereamukb.de\/es\/login-ukb\/#breadcrumb","itemListElement":[{"@type":"ListItem","position":1,"name":"Startseite","item":"https:\/\/karriereamukb.de\/es\/conoce-a-nuestra-gente\/"},{"@type":"ListItem","position":2,"name":"Login UKB"}]},{"@type":"WebSite","@id":"https:\/\/karriereamukb.de\/#website","url":"https:\/\/karriereamukb.de\/","name":"Karriereamukb | Jobs & Karriere an der Uniklinik Bonn","description":"Informieren Sie sich \u00fcber Ihre Einstiegsm\u00f6glichkeiten am Universit\u00e4tsklinikum Bonn und bewerben Sie sich jetzt.","publisher":{"@id":"https:\/\/karriereamukb.de\/#organization"},"potentialAction":[{"@type":"SearchAction","target":{"@type":"EntryPoint","urlTemplate":"https:\/\/karriereamukb.de\/?s={search_term_string}"},"query-input":{"@type":"PropertyValueSpecification","valueRequired":true,"valueName":"search_term_string"}}],"inLanguage":"es"},{"@type":"Organization","@id":"https:\/\/karriereamukb.de\/#organization","name":"Karriereamukb | Jobs & Karriere an der Uniklinik Bonn","url":"https:\/\/karriereamukb.de\/","logo":{"@type":"ImageObject","inLanguage":"es","@id":"https:\/\/karriereamukb.de\/#\/schema\/logo\/image\/","url":"https:\/\/karriereamukb.de\/wp-content\/uploads\/2024\/03\/android-chrome-512x512-1.png","contentUrl":"https:\/\/karriereamukb.de\/wp-content\/uploads\/2024\/03\/android-chrome-512x512-1.png","width":512,"height":512,"caption":"Karriereamukb | Jobs & Karriere an der Uniklinik Bonn"},"image":{"@id":"https:\/\/karriereamukb.de\/#\/schema\/logo\/image\/"},"sameAs":["https:\/\/www.facebook.com\/ukbonn\/","https:\/\/x.com\/UniklinikBonn","https:\/\/www.instagram.com\/ukbonn\/"]}]}},"_links":{"self":[{"href":"https:\/\/karriereamukb.de\/es\/wp-json\/wp\/v2\/pages\/8533","targetHints":{"allow":["GET"]}}],"collection":[{"href":"https:\/\/karriereamukb.de\/es\/wp-json\/wp\/v2\/pages"}],"about":[{"href":"https:\/\/karriereamukb.de\/es\/wp-json\/wp\/v2\/types\/page"}],"author":[{"embeddable":true,"href":"https:\/\/karriereamukb.de\/es\/wp-json\/wp\/v2\/users\/19"}],"replies":[{"embeddable":true,"href":"https:\/\/karriereamukb.de\/es\/wp-json\/wp\/v2\/comments?post=8533"}],"version-history":[{"count":1,"href":"https:\/\/karriereamukb.de\/es\/wp-json\/wp\/v2\/pages\/8533\/revisions"}],"predecessor-version":[{"id":8534,"href":"https:\/\/karriereamukb.de\/es\/wp-json\/wp\/v2\/pages\/8533\/revisions\/8534"}],"wp:attachment":[{"href":"https:\/\/karriereamukb.de\/es\/wp-json\/wp\/v2\/media?parent=8533"}],"curies":[{"name":"wp","href":"https:\/\/api.w.org\/{rel}","templated":true}]}}